{"id":16623,"date":"2026-03-17T16:15:47","date_gmt":"2026-03-17T14:15:47","guid":{"rendered":"https:\/\/microclima.md\/?post_type=product&#038;p=16623"},"modified":"2026-03-17T16:21:21","modified_gmt":"2026-03-17T14:21:21","slug":"nordis-tor-200s-pompa-de-caldura","status":"publish","type":"product","link":"https:\/\/microclima.md\/ru\/\u0442\u043e\u0432\u0430\u0440-2\/nordis-tor-200s-pompa-de-caldura\/","title":{"rendered":"Nordis Tor 200s &#8211; pomp\u0103 de c\u0103ldur\u0103"},"content":{"rendered":"<p>Pompa de c\u0103ldur\u0103 pentru ap\u0103 cald\u0103 menajer\u0103 asigur\u0103 ap\u0103 cald\u0103 pentru necesit\u0103\u021bile zilnice. Acest sistem eficient \u00eenc\u0103lze\u0219te apa p\u00e2n\u0103 la 65 \u00b0C, iar cu ajutorul elementului electric de \u00eenc\u0103lzire integrat \u2013 p\u00e2n\u0103 la 75 \u00b0C.<\/p>\n<p>Este echipat\u0103 cu un rezervor durabil din o\u021bel inoxidabil, izola\u021bie termic\u0103 \u00eembun\u0103t\u0103\u021bit\u0103 \u0219i un sistem de control inteligent, u\u0219or de utilizat, disponibil prin Wi-Fi \u0219i ecran tactil LCD.<\/p>\n<p>Datorit\u0103 tehnologiei de economisire a energiei, func\u021bion\u0103rii silen\u021bioase \u0219i func\u021biilor de siguran\u021b\u0103 integrate \u2013 precum modul anti-legionella \u0219i protec\u021bia \u00eempotriva \u00eenghe\u021bului \u2013 ofer\u0103 un confort constant \u0219i o func\u021bionare fiabil\u0103 pe termen lung.<\/p>","protected":false},"excerpt":{"rendered":"<p>Pompa de c\u0103ldur\u0103 pentru ap\u0103 cald\u0103 menajer\u0103 asigur\u0103 ap\u0103 cald\u0103 pentru necesit\u0103\u021bile zilnice. Acest sistem eficient \u00eenc\u0103lze\u0219te apa p\u00e2n\u0103 la 65 \u00b0C, iar cu ajutorul elementului electric de \u00eenc\u0103lzire integrat \u2013 p\u00e2n\u0103 la 75 \u00b0C.<\/p>\n<p>Este echipat\u0103 cu un rezervor durabil din o\u021bel inoxidabil, izola\u021bie termic\u0103 \u00eembun\u0103t\u0103\u021bit\u0103 \u0219i un sistem de control inteligent, u\u0219or de utilizat, disponibil prin Wi-Fi \u0219i ecran tactil LCD.<\/p>\n<p>Datorit\u0103 tehnologiei de economisire a energiei, func\u021bion\u0103rii silen\u021bioase \u0219i func\u021biilor de siguran\u021b\u0103 integrate \u2013 precum modul anti-legionella \u0219i protec\u021bia \u00eempotriva \u00eenghe\u021bului \u2013 ofer\u0103 un confort constant \u0219i o func\u021bionare fiabil\u0103 pe termen lung.<\/p>","protected":false},"featured_media":16624,"comment_status":"closed","ping_status":"closed","template":"","meta":{"_acf_changed":false},"product_cat":[31],"product_tag":[],"class_list":{"0":"post-16623","1":"product","2":"type-product","3":"status-publish","4":"has-post-thumbnail","6":"product_cat-sisteme-de-climatizare","8":"first","9":"instock","10":"shipping-taxable","11":"product-type-simple"},"acf":[],"_links":{"self":[{"href":"https:\/\/microclima.md\/ru\/wp-json\/wp\/v2\/product\/16623","targetHints":{"allow":["GET"]}}],"collection":[{"href":"https:\/\/microclima.md\/ru\/wp-json\/wp\/v2\/product"}],"about":[{"href":"https:\/\/microclima.md\/ru\/wp-json\/wp\/v2\/types\/product"}],"replies":[{"embeddable":true,"href":"https:\/\/microclima.md\/ru\/wp-json\/wp\/v2\/comments?post=16623"}],"wp:featuredmedia":[{"embeddable":true,"href":"https:\/\/microclima.md\/ru\/wp-json\/wp\/v2\/media\/16624"}],"wp:attachment":[{"href":"https:\/\/microclima.md\/ru\/wp-json\/wp\/v2\/media?parent=16623"}],"wp:term":[{"taxonomy":"product_cat","embeddable":true,"href":"https:\/\/microclima.md\/ru\/wp-json\/wp\/v2\/product_cat?post=16623"},{"taxonomy":"product_tag","embeddable":true,"href":"https:\/\/microclima.md\/ru\/wp-json\/wp\/v2\/product_tag?post=16623"}],"curies":[{"name":"wp","href":"https:\/\/api.w.org\/{rel}","templated":true}]}}