{"id":16621,"date":"2026-03-17T15:45:12","date_gmt":"2026-03-17T13:45:12","guid":{"rendered":"https:\/\/microclima.md\/?post_type=product&#038;p=16621"},"modified":"2026-03-19T18:54:15","modified_gmt":"2026-03-19T16:54:15","slug":"nordis-galaxy-12000btu","status":"publish","type":"product","link":"https:\/\/microclima.md\/ru\/\u0442\u043e\u0432\u0430\u0440-2\/nordis-galaxy-12000btu\/","title":{"rendered":"Nordis Galaxy 12000BTU"},"content":{"rendered":"<p>Aparatul de aer condi\u021bionat inverter de tip \u201eSplit\u201d N\u00d8RDIS Galaxy este destinat r\u0103cirii \u0219i \u00eenc\u0103lzirii cl\u0103dirilor reziden\u021biale \u0219i locuin\u021belor private, dar poate fi instalat \u0219i \u00een birouri.<\/p>\n<p>Tehnologiile inovatoare, economisirea inteligent\u0103 a energiei bazat\u0103 pe AI \u0219i controlul avansat al fluxului de aer asigur\u0103 o atmosfer\u0103 confortabil\u0103 \u00een locuin\u021ba sau biroul dumneavoastr\u0103 \u00een orice moment. Func\u021bionarea la temperaturi de p\u00e2n\u0103 la -30 \u00b0C permite men\u021binerea c\u0103ldurii \u0219i a prospe\u021bimii pe tot parcursul anului.<\/p>\n<p>Caracteristici:<br \/>\n\u2022 Compresorul inverter func\u021bioneaz\u0103 eficient \u00eentre -30 \u00b0C \u0219i +53 \u00b0C;<br \/>\n\u2022 Clas\u0103 de eficien\u021b\u0103 energetic\u0103 ridicat\u0103 \u2013 A+++\/A+++;<br \/>\n\u2022 Panouri interioare disponibile \u00een dou\u0103 culori: negru lucios \u0219i alb lucios;<br \/>\n\u2022 Tehnologie AI de economisire a energiei;<br \/>\n\u2022 Capace laterale rabatabile pentru introducerea u\u0219oar\u0103 a aromelor;<br \/>\n\u2022 Admisia 3D a aerului asigur\u0103 un climat uniform \u00een \u00eentreaga \u00eenc\u0103pere;<br \/>\n\u2022 Tehnologia Smart Air Flow Plus \u2013 circula\u021bie avansat\u0103 a aerului cu clapete duble cu unghi larg, oferind un flux tip \u201edu\u0219\u201d \u00een modul de r\u0103cire \u0219i un flux tip \u201ep\u0103tur\u0103\u201d \u00een modul de \u00eenc\u0103lzire;<br \/>\n\u2022 Func\u021bie de r\u0103cire f\u0103r\u0103 curent de aer direct;<br \/>\n\u2022 R\u0103cire rapid\u0103 \u00een 30 s \u0219i \u00eenc\u0103lzire rapid\u0103 \u00een 60 s;<br \/>\n\u2022 Modul Wi-Fi integrat permite controlul prin smartphone;<br \/>\n\u2022 Tehnologia integrat\u0103 B.I.G. Care+ purific\u0103 activ aerul de praf, bacterii \u0219i alergeni, contribuind la un mediu interior mai s\u0103n\u0103tos;<br \/>\n\u2022 Func\u021bia I FEEL permite controlul inteligent al temperaturii pentru un confort sporit;<br \/>\n\u2022 Func\u021bia +8 \u00b0C men\u021bine o temperatur\u0103 constant\u0103 \u00een \u00eenc\u0103perile neocupate;<br \/>\n\u2022 Instalare, \u00eentre\u021binere \u0219i integrare u\u0219oar\u0103 cu sistemele de management al cl\u0103dirilor (BMS);<br \/>\n\u2022 Ventilator cu 8 trepte de vitez\u0103 pentru selectarea intensit\u0103\u021bii dorite a fluxului de aer;<br \/>\n\u2022 Supap\u0103 electronic\u0103 de expansiune termostatic\u0103 integrat\u0103.<\/p>","protected":false},"excerpt":{"rendered":"<p>Aparatul de aer condi\u021bionat inverter de tip \u201eSplit\u201d N\u00d8RDIS Galaxy este destinat r\u0103cirii \u0219i \u00eenc\u0103lzirii cl\u0103dirilor reziden\u021biale \u0219i locuin\u021belor private, dar poate fi instalat \u0219i \u00een birouri. Tehnologiile inovatoare, economisirea inteligent\u0103 a energiei bazat\u0103 pe AI \u0219i controlul avansat al fluxului de aer asigur\u0103 o atmosfer\u0103 confortabil\u0103 \u00een locuin\u021ba sau biroul dumneavoastr\u0103 \u00een orice moment. [&hellip;]<\/p>","protected":false},"featured_media":16617,"comment_status":"closed","ping_status":"closed","template":"","meta":{"_acf_changed":false},"product_cat":[31,139,78],"product_tag":[299,298,290],"class_list":{"0":"post-16621","1":"product","2":"type-product","3":"status-publish","4":"has-post-thumbnail","6":"product_cat-sisteme-de-climatizare","7":"product_cat-split","8":"product_cat-de-perete","9":"product_tag-galaxi","10":"product_tag-galaxy","11":"product_tag-nordis","13":"first","14":"instock","15":"shipping-taxable","16":"purchasable","17":"product-type-simple"},"acf":[],"_links":{"self":[{"href":"https:\/\/microclima.md\/ru\/wp-json\/wp\/v2\/product\/16621","targetHints":{"allow":["GET"]}}],"collection":[{"href":"https:\/\/microclima.md\/ru\/wp-json\/wp\/v2\/product"}],"about":[{"href":"https:\/\/microclima.md\/ru\/wp-json\/wp\/v2\/types\/product"}],"replies":[{"embeddable":true,"href":"https:\/\/microclima.md\/ru\/wp-json\/wp\/v2\/comments?post=16621"}],"wp:featuredmedia":[{"embeddable":true,"href":"https:\/\/microclima.md\/ru\/wp-json\/wp\/v2\/media\/16617"}],"wp:attachment":[{"href":"https:\/\/microclima.md\/ru\/wp-json\/wp\/v2\/media?parent=16621"}],"wp:term":[{"taxonomy":"product_cat","embeddable":true,"href":"https:\/\/microclima.md\/ru\/wp-json\/wp\/v2\/product_cat?post=16621"},{"taxonomy":"product_tag","embeddable":true,"href":"https:\/\/microclima.md\/ru\/wp-json\/wp\/v2\/product_tag?post=16621"}],"curies":[{"name":"wp","href":"https:\/\/api.w.org\/{rel}","templated":true}]}}