{"id":16496,"date":"2025-06-22T22:49:28","date_gmt":"2025-06-22T19:49:28","guid":{"rendered":"https:\/\/microclima.md\/?post_type=product&#038;p=16496"},"modified":"2026-03-19T18:40:07","modified_gmt":"2026-03-19T16:40:07","slug":"nordis-sirius-18000btu-black","status":"publish","type":"product","link":"https:\/\/microclima.md\/ru\/\u0442\u043e\u0432\u0430\u0440-2\/nordis-sirius-18000btu-black\/","title":{"rendered":"Nordis SIRIUS 18000BTU Black"},"content":{"rendered":"<p>Aparatele de aer condi\u021bionat N\u00d8RDIS SIRIUS sunt concepute pentru persoanele care caut\u0103 o solu\u021bie economic\u0103, dar de \u00eenalt\u0103 calitate, la un pre\u021b atractiv.<\/p>\n<p>Clasa energetic\u0103 ridicat\u0103 a aparatului de aer condi\u021bionat A++ v\u0103 va permite s\u0103 utiliza\u021bi eficient electricitatea. Unitatea este completat\u0103 de dot\u0103ri moderne care vor oferi confort \u00een camerele cu aer condi\u021bionat.<\/p>\n<p>Func\u021bia de autocur\u0103\u021bare \u00eendep\u0103rteaz\u0103 murd\u0103ria acumulat\u0103 din interiorul unit\u0103\u021bii \u2013 un program special de 30 de minute \u00eendep\u0103rteaz\u0103 eficient murd\u0103ria \u0219i bacteriile<br \/>\nFunc\u021bia Smart Airflow direc\u021bioneaz\u0103 aerul c\u0103tre tavan \u00een modul de r\u0103cire, cre\u00e2nd un efect de aer rece \u00een c\u0103dere. \u00cen modul de \u00eenc\u0103lzire, aerul este suflat pe podea \u0219i, pe m\u0103sur\u0103 ce se ridic\u0103, este distribuit uniform \u00een \u00eentreaga camer\u0103.<br \/>\nFunc\u021bia I FEEL: un senzor de pe telecomand\u0103 v\u0103 permite s\u0103 monitoriza\u021bi \u00een mod constant \u0219i s\u0103 regla\u021bi automat nivelul temperaturii din camer\u0103.<br \/>\nTehnologia anti-rugin\u0103 protejeaz\u0103 unitatea exterioar\u0103 de rugin\u0103 \u0219i astfel prelunge\u0219te durata de via\u021b\u0103 a unit\u0103\u021bii. O etan\u0219eitate mai bun\u0103 protejeaz\u0103 \u00eempotriva umezelii, insectelor \u0219i prafului.<br \/>\nModul de noapte regleaz\u0103 temperatura pe timp de noapte \u0219i \u00eembun\u0103t\u0103\u021be\u0219te confortul somnului. Dispozitivul cre\u0219te sau scade temperatura aerului cu 1-2\u00b0C la fiecare 60 de minute.<br \/>\nAparatul de aer conditionat mentine nivelul dorit de umiditate, astfel ca si pe vreme ploioasa puteti usca hainele umede.<br \/>\nFiltrul de aer cu 6 straturi \u00eembog\u0103\u021bit cu c\u0103rbune activ \u0219i ioni de argint purific\u0103 \u0219i mai mult aerul.<br \/>\nVentilatorul cu 6 viteze v\u0103 permite s\u0103 alege\u021bi cel mai potrivit flux de aer pentru dvs.<\/p>","protected":false},"excerpt":{"rendered":"<p>Aparatele de aer condi\u021bionat N\u00d8RDIS SIRIUS sunt concepute pentru persoanele care caut\u0103 o solu\u021bie economic\u0103, dar de \u00eenalt\u0103 calitate, la un pre\u021b atractiv. Clasa energetic\u0103 ridicat\u0103 a aparatului de aer condi\u021bionat A++ v\u0103 va permite s\u0103 utiliza\u021bi eficient electricitatea. Unitatea este completat\u0103 de dot\u0103ri moderne care vor oferi confort \u00een camerele cu aer condi\u021bionat. Func\u021bia [&hellip;]<\/p>","protected":false},"featured_media":16489,"comment_status":"closed","ping_status":"closed","template":"","meta":{"_acf_changed":false},"product_cat":[31],"product_tag":[291,290,293],"class_list":{"0":"post-16496","1":"product","2":"type-product","3":"status-publish","4":"has-post-thumbnail","6":"product_cat-sisteme-de-climatizare","7":"product_tag-climatizator","8":"product_tag-nordis","9":"product_tag-sirius","11":"first","12":"instock","13":"sale","14":"shipping-taxable","15":"purchasable","16":"product-type-simple"},"acf":[],"_links":{"self":[{"href":"https:\/\/microclima.md\/ru\/wp-json\/wp\/v2\/product\/16496","targetHints":{"allow":["GET"]}}],"collection":[{"href":"https:\/\/microclima.md\/ru\/wp-json\/wp\/v2\/product"}],"about":[{"href":"https:\/\/microclima.md\/ru\/wp-json\/wp\/v2\/types\/product"}],"replies":[{"embeddable":true,"href":"https:\/\/microclima.md\/ru\/wp-json\/wp\/v2\/comments?post=16496"}],"wp:featuredmedia":[{"embeddable":true,"href":"https:\/\/microclima.md\/ru\/wp-json\/wp\/v2\/media\/16489"}],"wp:attachment":[{"href":"https:\/\/microclima.md\/ru\/wp-json\/wp\/v2\/media?parent=16496"}],"wp:term":[{"taxonomy":"product_cat","embeddable":true,"href":"https:\/\/microclima.md\/ru\/wp-json\/wp\/v2\/product_cat?post=16496"},{"taxonomy":"product_tag","embeddable":true,"href":"https:\/\/microclima.md\/ru\/wp-json\/wp\/v2\/product_tag?post=16496"}],"curies":[{"name":"wp","href":"https:\/\/api.w.org\/{rel}","templated":true}]}}