{"id":16478,"date":"2025-06-22T21:54:11","date_gmt":"2025-06-22T18:54:11","guid":{"rendered":"https:\/\/microclima.md\/?post_type=product&#038;p=16478"},"modified":"2026-03-19T18:50:39","modified_gmt":"2026-03-19T16:50:39","slug":"nordis-orion-12000btu-alb-mat","status":"publish","type":"product","link":"https:\/\/microclima.md\/ru\/\u0442\u043e\u0432\u0430\u0440-2\/nordis-orion-12000btu-alb-mat\/","title":{"rendered":"Nordis Orion Evo 12000BTU Alb-mat"},"content":{"rendered":"<p>N\u00d8RDIS ORION PRO este un aparat de aer conditionat-pompa de caldura inverter de noua generatie. Aceasta este o versiune \u00eembun\u0103t\u0103\u021bit\u0103 a seriei ORION cu cele mai recente solu\u021bii tehnice.<\/p>\n<p>Aparatul de aer condi\u021bionat Split Inverter este conceput pentru r\u0103cirea \u0219i \u00eenc\u0103lzirea cl\u0103dirilor reziden\u021biale, dar poate fi instalat \u0219i \u00een birouri. N\u00d8RDIS ORION are un modul Wi-Fi instalat, un ionizator cu plasm\u0103, o func\u021bie \u201eI FEEL\u201d de a doua genera\u021bie \u0219i alte caracteristici inovatoare.<\/p>\n<p>Consumul de energie a fost redus \u0219i mai mult prin actualizarea componentelor dispozitivului. ORION PRO a dep\u0103\u0219it seria de baz\u0103 ORION \u00een ceea ce prive\u0219te eficien\u021ba energetic\u0103. Aparatul de aer condi\u021bionat r\u0103ce\u0219te camera mai repede \u0219i determin\u0103 automat temperatura optim\u0103 \u00een ea.<\/p>\n<p>Pe baza experien\u021bei clien\u021bilor din \u021b\u0103rile nordice, func\u021bia de \u00eenc\u0103lzire a seriei N\u00d8RDIS ORION PRO func\u021bioneaz\u0103 eficient atunci c\u00e2nd temperatura exterioar\u0103 scade chiar \u0219i la -25 \u00b0C.<\/p>\n<p>\u00cen plus, acest aparat de aer condi\u021bionat folose\u0219te agent frigorific R32 ecologic, iar corpul este realizat din materiale neinflamabile.<\/p>\n<p>Cel mai recent compresor inverter func\u021bioneaz\u0103 eficient \u00een intervalul de temperatur\u0103 de la -25\u00b0C la +53\u00b0C.<br \/>\nModulul Wi-Fi \u00eencorporat \u00een dispozitiv v\u0103 permite s\u0103 controla\u021bi aparatul de aer condi\u021bionat de pe smartphone (OS: Android, iOS).<br \/>\nAparatul de aer condi\u021bionat folose\u0219te agent frigorific R32 ecologic.<br \/>\nAdaptat pentru \u00eenc\u0103lzirea locuin\u021bei \u00een \u021b\u0103rile cu clim\u0103 nordic\u0103.<br \/>\nDisplay LED elegant pe panoul unit\u0103\u021bii interioare.<br \/>\nPurificatorul de aer cu plasm\u0103 rece ucide bacteriile, germenii \u0219i alte particule d\u0103un\u0103toare.<br \/>\nFunc\u021bia \u201eI FEEL\u201d v\u0103 permite s\u0103 controla\u021bi inteligent temperatura \u0219i s\u0103 crea\u021bi un mediu mai pl\u0103cut.<br \/>\nAparatul de aer condi\u021bionat N\u00d8RDIS ORION PRO este echipat cu filtre HEPA pentru a filtra praful \u0219i polenul.<br \/>\nDesignul optimizat al grilei permite aerului s\u0103 fie suflat pe o distan\u021b\u0103 lung\u0103, astfel \u00eenc\u00e2t aerul rece sau cald s\u0103 ajung\u0103 \u00een cele mai \u00eendep\u0103rtate col\u021buri ale \u00eenc\u0103perii.<br \/>\nSe r\u0103ce\u0219te la temperaturi exterioare de la -15 la 53 \u00b0C. Dac\u0103 sunte\u021bi departe de cas\u0103 pentru o perioad\u0103 lung\u0103 de timp, pute\u021bi utiliza \u0219i func\u021bia +8 \u00b0C, care v\u0103 permite s\u0103 men\u021bine\u021bi o temperatur\u0103 constant\u0103 \u00een camer\u0103.<br \/>\nSe dezasambleaz\u0103 usor pentru intretinere, inlocuirea pieselor sau curatare.<br \/>\nClasa Energetic\u0103 A++<\/p>","protected":false},"excerpt":{"rendered":"<p>N\u00d8RDIS ORION PRO este un aparat de aer conditionat-pompa de caldura inverter de noua generatie. Aceasta este o versiune \u00eembun\u0103t\u0103\u021bit\u0103 a seriei ORION cu cele mai recente solu\u021bii tehnice. Aparatul de aer condi\u021bionat Split Inverter este conceput pentru r\u0103cirea \u0219i \u00eenc\u0103lzirea cl\u0103dirilor reziden\u021biale, dar poate fi instalat \u0219i \u00een birouri. N\u00d8RDIS ORION are un modul [&hellip;]<\/p>","protected":false},"featured_media":16477,"comment_status":"closed","ping_status":"closed","template":"","meta":{"_acf_changed":false},"product_cat":[31],"product_tag":[291,297,290,296,292],"class_list":{"0":"post-16478","1":"product","2":"type-product","3":"status-publish","4":"has-post-thumbnail","6":"product_cat-sisteme-de-climatizare","7":"product_tag-climatizator","8":"product_tag-evo","9":"product_tag-nordis","10":"product_tag-oreon","11":"product_tag-orion","13":"first","14":"instock","15":"shipping-taxable","16":"purchasable","17":"product-type-simple"},"acf":[],"_links":{"self":[{"href":"https:\/\/microclima.md\/ru\/wp-json\/wp\/v2\/product\/16478","targetHints":{"allow":["GET"]}}],"collection":[{"href":"https:\/\/microclima.md\/ru\/wp-json\/wp\/v2\/product"}],"about":[{"href":"https:\/\/microclima.md\/ru\/wp-json\/wp\/v2\/types\/product"}],"replies":[{"embeddable":true,"href":"https:\/\/microclima.md\/ru\/wp-json\/wp\/v2\/comments?post=16478"}],"wp:featuredmedia":[{"embeddable":true,"href":"https:\/\/microclima.md\/ru\/wp-json\/wp\/v2\/media\/16477"}],"wp:attachment":[{"href":"https:\/\/microclima.md\/ru\/wp-json\/wp\/v2\/media?parent=16478"}],"wp:term":[{"taxonomy":"product_cat","embeddable":true,"href":"https:\/\/microclima.md\/ru\/wp-json\/wp\/v2\/product_cat?post=16478"},{"taxonomy":"product_tag","embeddable":true,"href":"https:\/\/microclima.md\/ru\/wp-json\/wp\/v2\/product_tag?post=16478"}],"curies":[{"name":"wp","href":"https:\/\/api.w.org\/{rel}","templated":true}]}}