{"id":16467,"date":"2025-06-20T16:57:37","date_gmt":"2025-06-20T13:57:37","guid":{"rendered":"https:\/\/microclima.md\/?post_type=product&#038;p=16467"},"modified":"2026-03-19T18:34:57","modified_gmt":"2026-03-19T16:34:57","slug":"nordis-nova-12000btu-alb-copie","status":"publish","type":"product","link":"https:\/\/microclima.md\/ru\/\u0442\u043e\u0432\u0430\u0440-2\/nordis-nova-12000btu-alb-copie\/","title":{"rendered":"Nordis NOVA 12000BTU Black"},"content":{"rendered":"<p>N\u00d8RDIS NOVA este cea mai recent\u0103 serie de aparate de aer condi\u021bionat N\u00d8RDIS care combin\u0103 componente de \u00eenalt\u0103 calitate \u0219i tehnologie de ultim\u0103 or\u0103. Aparatele de aer condi\u021bionat cu invertor NOVA de tip \u201cSplit\u201d sunt concepute pentru r\u0103cirea \u0219i \u00eenc\u0103lzirea cl\u0103dirilor reziden\u021biale \u0219i a locuin\u021belor private, dar pot fi instalate \u0219i \u00een birouri. Unit\u0103\u021bile sunt concepute pentru a controla microclimatul camerelor at\u00e2t \u00een modul de r\u0103cire, c\u00e2t \u0219i \u00een cel de \u00eenc\u0103lzire. Configura\u021bia inovatoare a echipamentelor a crescut puterea de r\u0103cire \u0219i \u00eenc\u0103lzire a aparatelor de aer condi\u021bionat din seria NOVA, asigur\u00e2nd un confort maxim \u00een orice camer\u0103.<\/p>\n<p>Aparatele de aer condi\u021bionat N\u00d8RDIS din seria NOVA au o func\u021bie de vitez\u0103 turbo care permite camerelor s\u0103 \u00eenceap\u0103 r\u0103cirea \u00een 30 de secunde \u0219i s\u0103 \u00eenceap\u0103 \u00eenc\u0103lzirea \u00een 60 de secunde. Aceast\u0103 serie este special conceput\u0103 pentru locuitorii din \u021b\u0103rile nordice \u0219i func\u021bioneaz\u0103 eficient chiar \u0219i la temperaturi exterioare foarte sc\u0103zute, de p\u00e2n\u0103 la -25 \u00b0C.<\/p>\n<p>12000 BTU, 35-45 m2<br \/>\nR32,Ionizator,CL A+++ , Wi-Fi<br \/>\nDC-Inverter, -25 oC<\/p>","protected":false},"excerpt":{"rendered":"<p>N\u00d8RDIS NOVA este cea mai recent\u0103 serie de aparate de aer condi\u021bionat N\u00d8RDIS care combin\u0103 componente de \u00eenalt\u0103 calitate \u0219i tehnologie de ultim\u0103 or\u0103. Aparatele de aer condi\u021bionat cu invertor NOVA de tip \u201cSplit\u201d sunt concepute pentru r\u0103cirea \u0219i \u00eenc\u0103lzirea cl\u0103dirilor reziden\u021biale \u0219i a locuin\u021belor private, dar pot fi instalate \u0219i \u00een birouri. Unit\u0103\u021bile sunt [&hellip;]<\/p>","protected":false},"featured_media":16443,"comment_status":"closed","ping_status":"closed","template":"","meta":{"_acf_changed":false},"product_cat":[31],"product_tag":[],"class_list":{"0":"post-16467","1":"product","2":"type-product","3":"status-publish","4":"has-post-thumbnail","6":"product_cat-sisteme-de-climatizare","8":"first","9":"instock","10":"sale","11":"shipping-taxable","12":"purchasable","13":"product-type-simple"},"acf":[],"_links":{"self":[{"href":"https:\/\/microclima.md\/ru\/wp-json\/wp\/v2\/product\/16467","targetHints":{"allow":["GET"]}}],"collection":[{"href":"https:\/\/microclima.md\/ru\/wp-json\/wp\/v2\/product"}],"about":[{"href":"https:\/\/microclima.md\/ru\/wp-json\/wp\/v2\/types\/product"}],"replies":[{"embeddable":true,"href":"https:\/\/microclima.md\/ru\/wp-json\/wp\/v2\/comments?post=16467"}],"wp:featuredmedia":[{"embeddable":true,"href":"https:\/\/microclima.md\/ru\/wp-json\/wp\/v2\/media\/16443"}],"wp:attachment":[{"href":"https:\/\/microclima.md\/ru\/wp-json\/wp\/v2\/media?parent=16467"}],"wp:term":[{"taxonomy":"product_cat","embeddable":true,"href":"https:\/\/microclima.md\/ru\/wp-json\/wp\/v2\/product_cat?post=16467"},{"taxonomy":"product_tag","embeddable":true,"href":"https:\/\/microclima.md\/ru\/wp-json\/wp\/v2\/product_tag?post=16467"}],"curies":[{"name":"wp","href":"https:\/\/api.w.org\/{rel}","templated":true}]}}