{"id":14866,"date":"2022-09-12T09:13:25","date_gmt":"2022-09-12T06:13:25","guid":{"rendered":"https:\/\/microclima.md\/?post_type=product&#038;p=14866"},"modified":"2024-11-20T11:02:32","modified_gmt":"2024-11-20T09:02:32","slug":"inventor_dezumidificator-power-50l","status":"publish","type":"product","link":"https:\/\/microclima.md\/ru\/\u0442\u043e\u0432\u0430\u0440-2\/inventor_dezumidificator-power-50l\/","title":{"rendered":"INVENTOR POWER 50L DEZUMIDIFICATOR WIFI"},"content":{"rendered":"<div data-elementor-type=\"wp-post\" data-elementor-id=\"14866\" class=\"elementor elementor-14866\" data-elementor-post-type=\"product\">\n\t\t\t\t\t\t<section class=\"elementor-section elementor-top-section elementor-element elementor-element-366804bc elementor-section-boxed elementor-section-height-default elementor-section-height-default\" data-id=\"366804bc\" data-element_type=\"section\">\n\t\t\t\t\t\t<div class=\"elementor-container elementor-column-gap-default\">\n\t\t\t\t\t<div class=\"elementor-column elementor-col-100 elementor-top-column elementor-element elementor-element-277c6c93\" data-id=\"277c6c93\" data-element_type=\"column\">\n\t\t\t<div class=\"elementor-widget-wrap elementor-element-populated\">\n\t\t\t\t\t\t<section class=\"elementor-section elementor-inner-section elementor-element elementor-element-26ca1eaa elementor-section-boxed elementor-section-height-default elementor-section-height-default\" data-id=\"26ca1eaa\" data-element_type=\"section\">\n\t\t\t\t\t\t<div class=\"elementor-container elementor-column-gap-default\">\n\t\t\t\t\t<div data-dce-background-color=\"#E7E7E7\" class=\"elementor-column elementor-col-50 elementor-inner-column elementor-element elementor-element-25bc9b78\" data-id=\"25bc9b78\" data-element_type=\"column\" data-settings=\"{&quot;background_background&quot;:&quot;classic&quot;}\">\n\t\t\t<div class=\"elementor-widget-wrap\">\n\t\t\t\t\t\t\t<\/div>\n\t\t<\/div>\n\t\t\t\t<div class=\"elementor-column elementor-col-50 elementor-inner-column elementor-element elementor-element-16648ace\" data-id=\"16648ace\" data-element_type=\"column\">\n\t\t\t<div class=\"elementor-widget-wrap\">\n\t\t\t\t\t\t\t<\/div>\n\t\t<\/div>\n\t\t\t\t\t<\/div>\n\t\t<\/section>\n\t\t\t\t<section class=\"elementor-section elementor-inner-section elementor-element elementor-element-6cf4f6c3 elementor-section-boxed elementor-section-height-default elementor-section-height-default\" data-id=\"6cf4f6c3\" data-element_type=\"section\">\n\t\t\t\t\t\t<div class=\"elementor-container elementor-column-gap-default\">\n\t\t\t\t\t<div data-dce-background-color=\"#E7E7E7\" class=\"elementor-column elementor-col-50 elementor-inner-column elementor-element elementor-element-70467575\" data-id=\"70467575\" data-element_type=\"column\" data-settings=\"{&quot;background_background&quot;:&quot;classic&quot;}\">\n\t\t\t<div class=\"elementor-widget-wrap\">\n\t\t\t\t\t\t\t<\/div>\n\t\t<\/div>\n\t\t\t\t<div class=\"elementor-column elementor-col-50 elementor-inner-column elementor-element elementor-element-51813f91\" data-id=\"51813f91\" data-element_type=\"column\">\n\t\t\t<div class=\"elementor-widget-wrap\">\n\t\t\t\t\t\t\t<\/div>\n\t\t<\/div>\n\t\t\t\t\t<\/div>\n\t\t<\/section>\n\t\t\t\t<section class=\"elementor-section elementor-inner-section elementor-element elementor-element-e6989e8 elementor-section-boxed elementor-section-height-default elementor-section-height-default\" data-id=\"e6989e8\" data-element_type=\"section\">\n\t\t\t\t\t\t<div class=\"elementor-container elementor-column-gap-default\">\n\t\t\t\t\t<div data-dce-background-color=\"#E7E7E7\" class=\"elementor-column elementor-col-50 elementor-inner-column elementor-element elementor-element-6dd9990\" data-id=\"6dd9990\" data-element_type=\"column\" data-settings=\"{&quot;background_background&quot;:&quot;classic&quot;}\">\n\t\t\t<div class=\"elementor-widget-wrap\">\n\t\t\t\t\t\t\t<\/div>\n\t\t<\/div>\n\t\t\t\t<div class=\"elementor-column elementor-col-50 elementor-inner-column elementor-element elementor-element-9166968\" data-id=\"9166968\" data-element_type=\"column\">\n\t\t\t<div class=\"elementor-widget-wrap\">\n\t\t\t\t\t\t\t<\/div>\n\t\t<\/div>\n\t\t\t\t\t<\/div>\n\t\t<\/section>\n\t\t\t\t\t<\/div>\n\t\t<\/div>\n\t\t\t\t\t<\/div>\n\t\t<\/section>\n\t\t\t\t<\/div>","protected":false},"excerpt":{"rendered":"<ul>\n<li>Operarea u\u0219oar\u0103 a aparatului de oriunde v\u0103 afla\u021bi \u00een orice moment al zilei, prin intermediul smartphone-ului sau tabletei dvs., datorit\u0103 functiei Wi-Fi inteligent<\/li>\n<li>Functia de drenaj continuu, chiar si \u00een cele mai exigente condi\u021bii, datorit\u0103 pompei de ap\u0103<\/li>\n<li>Reglarea automat\u0103 a nivelurilor ideale de umiditate din caminul dvs. \u0219i economii de bani \u0219i energie cu ajutorul func\u021biei \u201cDezumidificare inteligenta\u201d<\/li>\n<li>Dezumidificare rapid\u0103 \u0219i eficient\u0103 \u00eentr-o perioad\u0103 scurt\u0103 de timp datorit\u0103 modului \u201cTurbo\u201d<\/li>\n<li>Evitati golirea constant\u0103 a rezervorului de ap\u0103 cu ajutorul func\u021biei \u201cDrenaj continuu\u201d<\/li>\n<\/ul>","protected":false},"featured_media":10155,"comment_status":"closed","ping_status":"closed","template":"","meta":{"_acf_changed":false},"product_cat":[188],"product_tag":[],"class_list":{"0":"post-14866","1":"product","2":"type-product","3":"status-publish","4":"has-post-thumbnail","6":"product_cat-dezumidificator","8":"first","9":"instock","10":"sale","11":"purchasable","12":"product-type-simple"},"acf":[],"_links":{"self":[{"href":"https:\/\/microclima.md\/ru\/wp-json\/wp\/v2\/product\/14866","targetHints":{"allow":["GET"]}}],"collection":[{"href":"https:\/\/microclima.md\/ru\/wp-json\/wp\/v2\/product"}],"about":[{"href":"https:\/\/microclima.md\/ru\/wp-json\/wp\/v2\/types\/product"}],"replies":[{"embeddable":true,"href":"https:\/\/microclima.md\/ru\/wp-json\/wp\/v2\/comments?post=14866"}],"wp:featuredmedia":[{"embeddable":true,"href":"https:\/\/microclima.md\/ru\/wp-json\/wp\/v2\/media\/10155"}],"wp:attachment":[{"href":"https:\/\/microclima.md\/ru\/wp-json\/wp\/v2\/media?parent=14866"}],"wp:term":[{"taxonomy":"product_cat","embeddable":true,"href":"https:\/\/microclima.md\/ru\/wp-json\/wp\/v2\/product_cat?post=14866"},{"taxonomy":"product_tag","embeddable":true,"href":"https:\/\/microclima.md\/ru\/wp-json\/wp\/v2\/product_tag?post=14866"}],"curies":[{"name":"wp","href":"https:\/\/api.w.org\/{rel}","templated":true}]}}