{"id":13328,"date":"2022-05-24T09:26:04","date_gmt":"2022-05-24T06:26:04","guid":{"rendered":"https:\/\/microclima.md\/?post_type=product&#038;p=13328"},"modified":"2025-04-29T14:36:12","modified_gmt":"2025-04-29T11:36:12","slug":"samsung-wind-free-comfort-18000-btu","status":"publish","type":"product","link":"https:\/\/microclima.md\/ru\/\u0442\u043e\u0432\u0430\u0440-2\/samsung-wind-free-comfort-18000-btu\/","title":{"rendered":"SAMSUNG Wind-Free 18000 BTU"},"content":{"rendered":"","protected":false},"excerpt":{"rendered":"<p>Aparatul de aer condi\u021bionat Samsung Wind-Free\u2122 Geo asigur\u0103 un climat interior perfect prin tehnologia Wind-Free\u2122, care r\u0103ce\u0219te uniform f\u0103r\u0103 curen\u021bi de aer direc\u021bi, \u0219i eficien\u021ba energetic\u0103 ridicat\u0103 datorat\u0103 compresorului Digital Inverter Boost. Controlul inteligent prin aplica\u021bia SmartThings \u0219i filtrul Tri-Care pentru aer curat fac din acest aparat o solu\u021bie modern\u0103 \u0219i confortabil\u0103 pentru orice locuin\u021b\u0103.<\/p>","protected":false},"featured_media":15674,"comment_status":"closed","ping_status":"closed","template":"","meta":{"_acf_changed":false},"product_cat":[31,139,78],"product_tag":[],"class_list":{"0":"post-13328","1":"product","2":"type-product","3":"status-publish","4":"has-post-thumbnail","6":"product_cat-sisteme-de-climatizare","7":"product_cat-split","8":"product_cat-de-perete","10":"first","11":"instock","12":"purchasable","13":"product-type-simple"},"acf":[],"_links":{"self":[{"href":"https:\/\/microclima.md\/ru\/wp-json\/wp\/v2\/product\/13328","targetHints":{"allow":["GET"]}}],"collection":[{"href":"https:\/\/microclima.md\/ru\/wp-json\/wp\/v2\/product"}],"about":[{"href":"https:\/\/microclima.md\/ru\/wp-json\/wp\/v2\/types\/product"}],"replies":[{"embeddable":true,"href":"https:\/\/microclima.md\/ru\/wp-json\/wp\/v2\/comments?post=13328"}],"wp:featuredmedia":[{"embeddable":true,"href":"https:\/\/microclima.md\/ru\/wp-json\/wp\/v2\/media\/15674"}],"wp:attachment":[{"href":"https:\/\/microclima.md\/ru\/wp-json\/wp\/v2\/media?parent=13328"}],"wp:term":[{"taxonomy":"product_cat","embeddable":true,"href":"https:\/\/microclima.md\/ru\/wp-json\/wp\/v2\/product_cat?post=13328"},{"taxonomy":"product_tag","embeddable":true,"href":"https:\/\/microclima.md\/ru\/wp-json\/wp\/v2\/product_tag?post=13328"}],"curies":[{"name":"wp","href":"https:\/\/api.w.org\/{rel}","templated":true}]}}